{"id":724,"date":"2021-02-26T20:23:00","date_gmt":"2021-02-26T19:23:00","guid":{"rendered":"https:\/\/agrodunas.es\/?page_id=724"},"modified":"2021-02-26T20:24:08","modified_gmt":"2021-02-26T19:24:08","slug":"cookies","status":"publish","type":"page","link":"https:\/\/agrodunas.es\/en\/cookies\/","title":{"rendered":"Cookies"},"content":{"rendered":"<h4 class=\"wp-block-heading\">a) Definici\u00f3n<\/h4>\n\n\n\n<p>Una cookie es un fichero que se descarga en su ordenador\/smartphone\/tablet al acceder a determinadas p\u00e1ginas web. Las cookies permiten a una p\u00e1gina web, entre otras cosas, almacenar y recuperar informaci\u00f3n sobre los h\u00e1bitos de navegaci\u00f3n de un usuario o de su equipo y, dependiendo de la informaci\u00f3n que contengan y de la forma en que utilice su equipo, pueden utilizarse para reconocer al usuario.<\/p>\n\n\n\n<p>Una de las clasificaciones que se puede hacer de las cookies es sobre la finalidad a la que se destinan, as\u00ed tenemos varios tipos:<\/p>\n\n\n\n<ul class=\"wp-block-list\"><li><em>Cookies <\/em>t\u00e9cnicas: Son aqu\u00e9llas que permiten al usuario la navegaci\u00f3n a trav\u00e9s de una p\u00e1gina web, plataforma o aplicaci\u00f3n y la utilizaci\u00f3n de las diferentes opciones o servicios que en ella existan como, por ejemplo, controlar el tr\u00e1fico y la comunicaci\u00f3n de datos, identificar la sesi\u00f3n, acceder a partes de acceso restringido, recordar los elementos que integran un pedido, realizar el proceso de compra de un pedido, realizar la solicitud de inscripci\u00f3n o participaci\u00f3n en un evento, utilizar elementos de seguridad durante la navegaci\u00f3n, almacenar contenidos para la difusi\u00f3n de videos o sonido o compartir contenidos a trav\u00e9s de redes sociales.<\/li><li><em>Cookies <\/em>de personalizaci\u00f3n: Son aqu\u00e9llas que permiten al usuario acceder al servicio con algunas caracter\u00edsticas de car\u00e1cter general predefinidas en funci\u00f3n de una serie de criterios en el terminal del usuario como por ejemplo serian el idioma, el tipo de navegador a trav\u00e9s del cual accede al servicio, la configuraci\u00f3n regional desde donde accede al servicio, etc.<\/li><li><em>Cookies <\/em>de an\u00e1lisis: Son aqu\u00e9llas que permiten al responsable de las mismas, el seguimiento y an\u00e1lisis del comportamiento de los usuarios de los sitios web a los que est\u00e1n vinculadas. La informaci\u00f3n recogida mediante este tipo de cookies se utiliza en la medici\u00f3n de la actividad de los sitios web, aplicaci\u00f3n o plataforma y para la elaboraci\u00f3n de perfiles de navegaci\u00f3n de los usuarios de dichos sitios, aplicaciones y plataformas, con el fin de introducir mejoras en funci\u00f3n del an\u00e1lisis de los datos de uso que hacen los usuarios del servicio.<\/li><li><em>Cookies <\/em>publicitarias: Son aqu\u00e9llas que permiten la gesti\u00f3n, de la forma m\u00e1s eficaz posible, de los espacios publicitarios que, en su caso, el editor haya incluido en una p\u00e1gina web, aplicaci\u00f3n o plataforma desde la que presta el servicio solicitado en base a criterios como el contenido editado o la frecuencia en la que se muestran los anuncios.<br><em>\u2013 Cookies de <\/em>publicidad comportamental: Son aqu\u00e9llas que permiten la gesti\u00f3n, de la forma m\u00e1s eficaz posible, de los espacios publicitarios que, en su caso, el editor haya incluido en una p\u00e1gina web, aplicaci\u00f3n o plataforma desde la que presta el servicio solicitado. Estas cookies almacenan informaci\u00f3n del comportamiento de los usuarios obtenida a trav\u00e9s de la observaci\u00f3n continuada de sus h\u00e1bitos de navegaci\u00f3n, lo que permite desarrollar un perfil espec\u00edfico para mostrar publicidad en funci\u00f3n del mismo.<\/li><\/ul>\n\n\n\n<div style=\"height:50px\" aria-hidden=\"true\" class=\"wp-block-spacer\"><\/div>\n\n\n\n<h4 class=\"wp-block-heading\">b) Configuraci\u00f3n en mi equipo.<\/h4>\n\n\n\n<p>Haga clic en el enlace \u201cCambiar configuraci\u00f3n cookies\u201d situado en el pie de p\u00e1gina para cambiar su configuraci\u00f3n.<\/p>\n\n\n\n<div style=\"height:50px\" aria-hidden=\"true\" class=\"wp-block-spacer\"><\/div>\n\n\n\n<h4 class=\"wp-block-heading\">c) Tipos de cookies en esta web<\/h4>\n\n\n\n<figure class=\"wp-block-table\"><table><tbody><tr><td><strong>Name<\/strong><\/td><td><strong>Descripci\u00f3n \/ Finalidad<\/strong><\/td><td><strong>Proveedor<\/strong><\/td><td><strong>Caducidad<\/strong><\/td><\/tr><tr><td><strong>borlabs-cookie<\/strong><\/td><td>Guarda las preferencias de los visitantes seleccionadas en la Cookie Box de Borlabs Cookie.<\/td><td>agrodunas.es<\/td><td>1 a\u00f1o<\/td><\/tr><tr><td><strong>wp-settings-1<\/strong><\/td><td>Funcional. Cookie t\u00e9cnica de wordpress<\/td><td>agrodunas.es<\/td><td>Sesi\u00f3n<\/td><\/tr><tr><td><strong>wp-settings-time-1<\/strong><\/td><td>Funcional. Cookie t\u00e9cnica de wordpress<\/td><td>agrodunas.es<\/td><td>Sesi\u00f3n<\/td><\/tr><tr><td><strong>_ga<\/strong><\/td><td>cookie de Google Analytics que se emplea para distinguir a los usuarios.<\/td><td>Google<\/td><td>2 a\u00f1os<\/td><\/tr><tr><td><strong>_gid<\/strong><\/td><td>cookie de Google Analytics que se emplea para distinguir a los usuarios.<\/td><td>Google<\/td><td>24 horas<\/td><\/tr><tr><td><strong>_gat<\/strong><\/td><td>cookie de Google Analytics que se emplea para limitar el porcentaje de solicitudes. Caduca en 1 minuto desde la \u00faltima actualizaci\u00f3n.<\/td><td>Google<\/td><td>1 minuto<\/td><\/tr><\/tbody><\/table><\/figure>\n\n\n\n<div style=\"height:50px\" aria-hidden=\"true\" class=\"wp-block-spacer\"><\/div>\n\n\n\n<h4 class=\"wp-block-heading\">d) \u00bfC\u00f3mo puedo desactivar o eliminar estas cookies en los navegadores?<\/h4>\n\n\n\n<p>Al clicar en alg\u00fan enlace de esta <em>web<\/em> se pueden instalar cookies. Una vez abandone esta p\u00e1gina, revise la pol\u00edtica de cookies de esos sitios.<\/p>\n\n\n\n<p>El usuario podr\u00e1 -en cualquier momento- elegir qu\u00e9 cookies quiere que funcionen en este sitio web mediante:<\/p>\n\n\n\n<ul class=\"wp-block-list\"><li>la configuraci\u00f3n del&nbsp;<strong>navegador<\/strong>; por ejemplo:<ul><li><strong>Chrome<\/strong>, desde&nbsp;<a href=\"http:\/\/support.google.com\/chrome\/bin\/answer.py?hl=es&amp;answer=95647\">http:\/\/support.google.com\/chrome\/bin\/answer.py?hl=es&amp;answer=95647<\/a><\/li><li><strong>Explorer<\/strong>, desde&nbsp;<a href=\"http:\/\/windows.microsoft.com\/es-es\/windows7\/how-to-manage-cookies-in-internet-explorer-9\">http:\/\/windows.microsoft.com\/es-es\/windows7\/how-to-manage-cookies-in-internet-explorer-9<\/a><\/li><li><strong>Firefox<\/strong>, desde&nbsp;<a href=\"http:\/\/support.mozilla.org\/es\/kb\/habilitar-y-deshabilitar-cookies-que-los-sitios-we\">http:\/\/support.mozilla.org\/es\/kb\/habilitar-y-deshabilitar-cookies-que-los-sitios-we<\/a><\/li><li><strong>Safari<\/strong>, desde&nbsp;<a href=\"http:\/\/support.apple.com\/kb\/ph5042\">http:\/\/support.apple.com\/kb\/ph5042<\/a><\/li><\/ul><\/li><\/ul>\n\n\n\n<div style=\"height:50px\" aria-hidden=\"true\" class=\"wp-block-spacer\"><\/div>\n\n\n\n<h4 class=\"wp-block-heading\">e) Qu\u00e9 ocurre si se deshabilitan las Cookies<\/h4>\n\n\n\n<p>Algunas funcionalidades de los servicios quedar\u00e1n deshabilitadas.<\/p>","protected":false},"excerpt":{"rendered":"<p>a) Definici\u00f3n Una cookie es un fichero que se descarga en su ordenador\/smartphone\/tablet al acceder a determinadas p\u00e1ginas web. Las cookies permiten a una p\u00e1gina web, entre otras cosas, almacenar y recuperar informaci\u00f3n sobre los h\u00e1bitos de navegaci\u00f3n de un usuario o de su equipo y, dependiendo de la informaci\u00f3n que contengan y de la [&hellip;]<\/p>","protected":false},"author":2,"featured_media":0,"parent":0,"menu_order":0,"comment_status":"closed","ping_status":"closed","template":"","meta":{"_acf_changed":false,"footnotes":""},"class_list":["post-724","page","type-page","status-publish","hentry"],"acf":[],"yoast_head":"<!-- This site is optimized with the Yoast SEO plugin v25.5 - https:\/\/yoast.com\/wordpress\/plugins\/seo\/ -->\n<title>Cookies - Agrodunas<\/title>\n<meta name=\"robots\" content=\"index, follow, max-snippet:-1, max-image-preview:large, max-video-preview:-1\" \/>\n<link rel=\"canonical\" href=\"https:\/\/agrodunas.es\/en\/cookies\/\" \/>\n<meta property=\"og:locale\" content=\"en_US\" \/>\n<meta property=\"og:type\" content=\"article\" \/>\n<meta property=\"og:title\" content=\"Cookies - Agrodunas\" \/>\n<meta property=\"og:description\" content=\"a) Definici\u00f3n Una cookie es un fichero que se descarga en su ordenador\/smartphone\/tablet al acceder a determinadas p\u00e1ginas web. Las cookies permiten a una p\u00e1gina web, entre otras cosas, almacenar y recuperar informaci\u00f3n sobre los h\u00e1bitos de navegaci\u00f3n de un usuario o de su equipo y, dependiendo de la informaci\u00f3n que contengan y de la [&hellip;]\" \/>\n<meta property=\"og:url\" content=\"https:\/\/agrodunas.es\/en\/cookies\/\" \/>\n<meta property=\"og:site_name\" content=\"Agrodunas\" \/>\n<meta property=\"article:modified_time\" content=\"2021-02-26T19:24:08+00:00\" \/>\n<meta property=\"og:image\" content=\"https:\/\/agrodunas.es\/wp-content\/uploads\/compartir.jpg\" \/>\n\t<meta property=\"og:image:width\" content=\"1366\" \/>\n\t<meta property=\"og:image:height\" content=\"900\" \/>\n\t<meta property=\"og:image:type\" content=\"image\/jpeg\" \/>\n<meta name=\"twitter:card\" content=\"summary_large_image\" \/>\n<meta name=\"twitter:label1\" content=\"Est. reading time\" \/>\n\t<meta name=\"twitter:data1\" content=\"4 minutes\" \/>\n<script type=\"application\/ld+json\" class=\"yoast-schema-graph\">{\"@context\":\"https:\/\/schema.org\",\"@graph\":[{\"@type\":\"WebPage\",\"@id\":\"https:\/\/agrodunas.es\/cookies\/\",\"url\":\"https:\/\/agrodunas.es\/cookies\/\",\"name\":\"Cookies - Agrodunas\",\"isPartOf\":{\"@id\":\"https:\/\/agrodunas.es\/#website\"},\"datePublished\":\"2021-02-26T19:23:00+00:00\",\"dateModified\":\"2021-02-26T19:24:08+00:00\",\"breadcrumb\":{\"@id\":\"https:\/\/agrodunas.es\/cookies\/#breadcrumb\"},\"inLanguage\":\"en-US\",\"potentialAction\":[{\"@type\":\"ReadAction\",\"target\":[\"https:\/\/agrodunas.es\/cookies\/\"]}]},{\"@type\":\"BreadcrumbList\",\"@id\":\"https:\/\/agrodunas.es\/cookies\/#breadcrumb\",\"itemListElement\":[{\"@type\":\"ListItem\",\"position\":1,\"name\":\"Portada\",\"item\":\"https:\/\/agrodunas.es\/\"},{\"@type\":\"ListItem\",\"position\":2,\"name\":\"Cookies\"}]},{\"@type\":\"WebSite\",\"@id\":\"https:\/\/agrodunas.es\/#website\",\"url\":\"https:\/\/agrodunas.es\/\",\"name\":\"Agrodunas\",\"description\":\"\",\"potentialAction\":[{\"@type\":\"SearchAction\",\"target\":{\"@type\":\"EntryPoint\",\"urlTemplate\":\"https:\/\/agrodunas.es\/?s={search_term_string}\"},\"query-input\":{\"@type\":\"PropertyValueSpecification\",\"valueRequired\":true,\"valueName\":\"search_term_string\"}}],\"inLanguage\":\"en-US\"}]}<\/script>\n<!-- \/ Yoast SEO plugin. -->","yoast_head_json":{"title":"Cookies - Agrodunas","robots":{"index":"index","follow":"follow","max-snippet":"max-snippet:-1","max-image-preview":"max-image-preview:large","max-video-preview":"max-video-preview:-1"},"canonical":"https:\/\/agrodunas.es\/en\/cookies\/","og_locale":"en_US","og_type":"article","og_title":"Cookies - Agrodunas","og_description":"a) Definici\u00f3n Una cookie es un fichero que se descarga en su ordenador\/smartphone\/tablet al acceder a determinadas p\u00e1ginas web. Las cookies permiten a una p\u00e1gina web, entre otras cosas, almacenar y recuperar informaci\u00f3n sobre los h\u00e1bitos de navegaci\u00f3n de un usuario o de su equipo y, dependiendo de la informaci\u00f3n que contengan y de la [&hellip;]","og_url":"https:\/\/agrodunas.es\/en\/cookies\/","og_site_name":"Agrodunas","article_modified_time":"2021-02-26T19:24:08+00:00","og_image":[{"width":1366,"height":900,"url":"https:\/\/agrodunas.es\/wp-content\/uploads\/compartir.jpg","type":"image\/jpeg"}],"twitter_card":"summary_large_image","twitter_misc":{"Est. reading time":"4 minutes"},"schema":{"@context":"https:\/\/schema.org","@graph":[{"@type":"WebPage","@id":"https:\/\/agrodunas.es\/cookies\/","url":"https:\/\/agrodunas.es\/cookies\/","name":"Cookies - Agrodunas","isPartOf":{"@id":"https:\/\/agrodunas.es\/#website"},"datePublished":"2021-02-26T19:23:00+00:00","dateModified":"2021-02-26T19:24:08+00:00","breadcrumb":{"@id":"https:\/\/agrodunas.es\/cookies\/#breadcrumb"},"inLanguage":"en-US","potentialAction":[{"@type":"ReadAction","target":["https:\/\/agrodunas.es\/cookies\/"]}]},{"@type":"BreadcrumbList","@id":"https:\/\/agrodunas.es\/cookies\/#breadcrumb","itemListElement":[{"@type":"ListItem","position":1,"name":"Portada","item":"https:\/\/agrodunas.es\/"},{"@type":"ListItem","position":2,"name":"Cookies"}]},{"@type":"WebSite","@id":"https:\/\/agrodunas.es\/#website","url":"https:\/\/agrodunas.es\/","name":"Agrodunas","description":"","potentialAction":[{"@type":"SearchAction","target":{"@type":"EntryPoint","urlTemplate":"https:\/\/agrodunas.es\/?s={search_term_string}"},"query-input":{"@type":"PropertyValueSpecification","valueRequired":true,"valueName":"search_term_string"}}],"inLanguage":"en-US"}]}},"_links":{"self":[{"href":"https:\/\/agrodunas.es\/en\/wp-json\/wp\/v2\/pages\/724","targetHints":{"allow":["GET"]}}],"collection":[{"href":"https:\/\/agrodunas.es\/en\/wp-json\/wp\/v2\/pages"}],"about":[{"href":"https:\/\/agrodunas.es\/en\/wp-json\/wp\/v2\/types\/page"}],"author":[{"embeddable":true,"href":"https:\/\/agrodunas.es\/en\/wp-json\/wp\/v2\/users\/2"}],"replies":[{"embeddable":true,"href":"https:\/\/agrodunas.es\/en\/wp-json\/wp\/v2\/comments?post=724"}],"version-history":[{"count":0,"href":"https:\/\/agrodunas.es\/en\/wp-json\/wp\/v2\/pages\/724\/revisions"}],"wp:attachment":[{"href":"https:\/\/agrodunas.es\/en\/wp-json\/wp\/v2\/media?parent=724"}],"curies":[{"name":"wp","href":"https:\/\/api.w.org\/{rel}","templated":true}]}}