{"id":3,"date":"2021-02-08T11:20:51","date_gmt":"2021-02-08T11:20:51","guid":{"rendered":"https:\/\/agrodunas.es\/?page_id=3"},"modified":"2021-02-26T20:20:07","modified_gmt":"2021-02-26T19:20:07","slug":"politica-de-privacidad","status":"publish","type":"page","link":"https:\/\/agrodunas.es\/en\/politica-de-privacidad\/","title":{"rendered":"Privacy policy"},"content":{"rendered":"<p><strong>Responsable: <\/strong><br>Identidad: AGRODUNAS, S.L.<br>NIF: B04402178\u00a0\u00a0<br>Dir. postal: PARAJE PUESTO JUARE, 24 <br>Tel\u00e9fono: 950160691\u00a0\u00a0\u00a0<br>Correo elect:\u00a0<a href=\"mailto:ADMINISTRACION@AGRODUNAS.COM\">ADMINISTRACION@AGRODUNAS.COM<\/a><\/p>\n\n\n\n<p>\u201cEn nombre de la empresa tratamos la informaci\u00f3n que nos facilita con el fin de prestarles el servicio solicitado, realizar la facturaci\u00f3n del mismo. Los datos proporcionados se conservar\u00e1n mientras se mantenga la relaci\u00f3n comercial o durante los a\u00f1os necesarios para cumplir con las obligaciones legales. Los datos no se ceder\u00e1n a terceros salvo en los casos en que exista una obligaci\u00f3n legal. Usted tiene derecho a obtener confirmaci\u00f3n sobre si en AGRODUNAS, S.L. estamos tratando sus datos personales por tanto tiene derecho a acceder a sus datos personales, rectificar los datos inexactos o solicitar su supresi\u00f3n cuando los datos ya no sean necesarios.<\/p>\n\n\n\n<p>Asimismo solicito su autorizaci\u00f3n para ofrecerle productos y servicios relacionados con los solicitados y fidelizarle como cliente.\u201d<\/p>","protected":false},"excerpt":{"rendered":"<p>Responsable: Identidad: AGRODUNAS, S.L.NIF: B04402178\u00a0\u00a0Dir. postal: PARAJE PUESTO JUARE, 24 Tel\u00e9fono: 950160691\u00a0\u00a0\u00a0Correo elect:\u00a0ADMINISTRACION@AGRODUNAS.COM \u201cEn nombre de la empresa tratamos la informaci\u00f3n que nos facilita con el fin de prestarles el servicio solicitado, realizar la facturaci\u00f3n del mismo. Los datos proporcionados se conservar\u00e1n mientras se mantenga la relaci\u00f3n comercial o durante los a\u00f1os necesarios para cumplir [&hellip;]<\/p>","protected":false},"author":1,"featured_media":0,"parent":0,"menu_order":0,"comment_status":"closed","ping_status":"open","template":"","meta":{"_acf_changed":false,"footnotes":""},"class_list":["post-3","page","type-page","status-publish","hentry"],"acf":[],"yoast_head":"<!-- This site is optimized with the Yoast SEO plugin v25.5 - https:\/\/yoast.com\/wordpress\/plugins\/seo\/ -->\n<title>Pol\u00edtica de Privacidad - Agrodunas<\/title>\n<meta name=\"robots\" content=\"index, follow, max-snippet:-1, max-image-preview:large, max-video-preview:-1\" \/>\n<link rel=\"canonical\" href=\"https:\/\/agrodunas.es\/en\/politica-de-privacidad\/\" \/>\n<meta property=\"og:locale\" content=\"en_US\" \/>\n<meta property=\"og:type\" content=\"article\" \/>\n<meta property=\"og:title\" content=\"Pol\u00edtica de Privacidad - Agrodunas\" \/>\n<meta property=\"og:description\" content=\"Responsable: Identidad: AGRODUNAS, S.L.NIF: B04402178\u00a0\u00a0Dir. postal: PARAJE PUESTO JUARE, 24 Tel\u00e9fono: 950160691\u00a0\u00a0\u00a0Correo elect:\u00a0ADMINISTRACION@AGRODUNAS.COM \u201cEn nombre de la empresa tratamos la informaci\u00f3n que nos facilita con el fin de prestarles el servicio solicitado, realizar la facturaci\u00f3n del mismo. Los datos proporcionados se conservar\u00e1n mientras se mantenga la relaci\u00f3n comercial o durante los a\u00f1os necesarios para cumplir [&hellip;]\" \/>\n<meta property=\"og:url\" content=\"https:\/\/agrodunas.es\/en\/politica-de-privacidad\/\" \/>\n<meta property=\"og:site_name\" content=\"Agrodunas\" \/>\n<meta property=\"article:modified_time\" content=\"2021-02-26T19:20:07+00:00\" \/>\n<meta property=\"og:image\" content=\"https:\/\/agrodunas.es\/wp-content\/uploads\/compartir.jpg\" \/>\n\t<meta property=\"og:image:width\" content=\"1366\" \/>\n\t<meta property=\"og:image:height\" content=\"900\" \/>\n\t<meta property=\"og:image:type\" content=\"image\/jpeg\" \/>\n<meta name=\"twitter:card\" content=\"summary_large_image\" \/>\n<meta name=\"twitter:label1\" content=\"Est. reading time\" \/>\n\t<meta name=\"twitter:data1\" content=\"1 minute\" \/>\n<script type=\"application\/ld+json\" class=\"yoast-schema-graph\">{\"@context\":\"https:\/\/schema.org\",\"@graph\":[{\"@type\":\"WebPage\",\"@id\":\"https:\/\/agrodunas.es\/politica-de-privacidad\/\",\"url\":\"https:\/\/agrodunas.es\/politica-de-privacidad\/\",\"name\":\"Pol\u00edtica de Privacidad - Agrodunas\",\"isPartOf\":{\"@id\":\"https:\/\/agrodunas.es\/#website\"},\"datePublished\":\"2021-02-08T11:20:51+00:00\",\"dateModified\":\"2021-02-26T19:20:07+00:00\",\"breadcrumb\":{\"@id\":\"https:\/\/agrodunas.es\/politica-de-privacidad\/#breadcrumb\"},\"inLanguage\":\"en-US\",\"potentialAction\":[{\"@type\":\"ReadAction\",\"target\":[\"https:\/\/agrodunas.es\/politica-de-privacidad\/\"]}]},{\"@type\":\"BreadcrumbList\",\"@id\":\"https:\/\/agrodunas.es\/politica-de-privacidad\/#breadcrumb\",\"itemListElement\":[{\"@type\":\"ListItem\",\"position\":1,\"name\":\"Portada\",\"item\":\"https:\/\/agrodunas.es\/\"},{\"@type\":\"ListItem\",\"position\":2,\"name\":\"Pol\u00edtica de Privacidad\"}]},{\"@type\":\"WebSite\",\"@id\":\"https:\/\/agrodunas.es\/#website\",\"url\":\"https:\/\/agrodunas.es\/\",\"name\":\"Agrodunas\",\"description\":\"\",\"potentialAction\":[{\"@type\":\"SearchAction\",\"target\":{\"@type\":\"EntryPoint\",\"urlTemplate\":\"https:\/\/agrodunas.es\/?s={search_term_string}\"},\"query-input\":{\"@type\":\"PropertyValueSpecification\",\"valueRequired\":true,\"valueName\":\"search_term_string\"}}],\"inLanguage\":\"en-US\"}]}<\/script>\n<!-- \/ Yoast SEO plugin. -->","yoast_head_json":{"title":"Pol\u00edtica de Privacidad - Agrodunas","robots":{"index":"index","follow":"follow","max-snippet":"max-snippet:-1","max-image-preview":"max-image-preview:large","max-video-preview":"max-video-preview:-1"},"canonical":"https:\/\/agrodunas.es\/en\/politica-de-privacidad\/","og_locale":"en_US","og_type":"article","og_title":"Pol\u00edtica de Privacidad - Agrodunas","og_description":"Responsable: Identidad: AGRODUNAS, S.L.NIF: B04402178\u00a0\u00a0Dir. postal: PARAJE PUESTO JUARE, 24 Tel\u00e9fono: 950160691\u00a0\u00a0\u00a0Correo elect:\u00a0ADMINISTRACION@AGRODUNAS.COM \u201cEn nombre de la empresa tratamos la informaci\u00f3n que nos facilita con el fin de prestarles el servicio solicitado, realizar la facturaci\u00f3n del mismo. Los datos proporcionados se conservar\u00e1n mientras se mantenga la relaci\u00f3n comercial o durante los a\u00f1os necesarios para cumplir [&hellip;]","og_url":"https:\/\/agrodunas.es\/en\/politica-de-privacidad\/","og_site_name":"Agrodunas","article_modified_time":"2021-02-26T19:20:07+00:00","og_image":[{"width":1366,"height":900,"url":"https:\/\/agrodunas.es\/wp-content\/uploads\/compartir.jpg","type":"image\/jpeg"}],"twitter_card":"summary_large_image","twitter_misc":{"Est. reading time":"1 minute"},"schema":{"@context":"https:\/\/schema.org","@graph":[{"@type":"WebPage","@id":"https:\/\/agrodunas.es\/politica-de-privacidad\/","url":"https:\/\/agrodunas.es\/politica-de-privacidad\/","name":"Pol\u00edtica de Privacidad - Agrodunas","isPartOf":{"@id":"https:\/\/agrodunas.es\/#website"},"datePublished":"2021-02-08T11:20:51+00:00","dateModified":"2021-02-26T19:20:07+00:00","breadcrumb":{"@id":"https:\/\/agrodunas.es\/politica-de-privacidad\/#breadcrumb"},"inLanguage":"en-US","potentialAction":[{"@type":"ReadAction","target":["https:\/\/agrodunas.es\/politica-de-privacidad\/"]}]},{"@type":"BreadcrumbList","@id":"https:\/\/agrodunas.es\/politica-de-privacidad\/#breadcrumb","itemListElement":[{"@type":"ListItem","position":1,"name":"Portada","item":"https:\/\/agrodunas.es\/"},{"@type":"ListItem","position":2,"name":"Pol\u00edtica de Privacidad"}]},{"@type":"WebSite","@id":"https:\/\/agrodunas.es\/#website","url":"https:\/\/agrodunas.es\/","name":"Agrodunas","description":"","potentialAction":[{"@type":"SearchAction","target":{"@type":"EntryPoint","urlTemplate":"https:\/\/agrodunas.es\/?s={search_term_string}"},"query-input":{"@type":"PropertyValueSpecification","valueRequired":true,"valueName":"search_term_string"}}],"inLanguage":"en-US"}]}},"_links":{"self":[{"href":"https:\/\/agrodunas.es\/en\/wp-json\/wp\/v2\/pages\/3","targetHints":{"allow":["GET"]}}],"collection":[{"href":"https:\/\/agrodunas.es\/en\/wp-json\/wp\/v2\/pages"}],"about":[{"href":"https:\/\/agrodunas.es\/en\/wp-json\/wp\/v2\/types\/page"}],"author":[{"embeddable":true,"href":"https:\/\/agrodunas.es\/en\/wp-json\/wp\/v2\/users\/1"}],"replies":[{"embeddable":true,"href":"https:\/\/agrodunas.es\/en\/wp-json\/wp\/v2\/comments?post=3"}],"version-history":[{"count":0,"href":"https:\/\/agrodunas.es\/en\/wp-json\/wp\/v2\/pages\/3\/revisions"}],"wp:attachment":[{"href":"https:\/\/agrodunas.es\/en\/wp-json\/wp\/v2\/media?parent=3"}],"curies":[{"name":"wp","href":"https:\/\/api.w.org\/{rel}","templated":true}]}}